{"id":64,"date":"2025-05-21T19:41:41","date_gmt":"2025-05-21T19:41:41","guid":{"rendered":"https:\/\/server0001.de\/cafedroste\/?page_id=64"},"modified":"2025-06-01T20:03:59","modified_gmt":"2025-06-01T18:03:59","slug":"traumhafte-torten","status":"publish","type":"page","link":"https:\/\/server0001.de\/cafedroste\/traumhafte-torten\/","title":{"rendered":"Traumhafte Torten"},"content":{"rendered":"\t\t<div data-elementor-type=\"wp-page\" data-elementor-id=\"64\" class=\"elementor elementor-64\" data-elementor-post-type=\"page\">\n\t\t\t\t<div class=\"elementor-element elementor-element-5064a3c e-flex e-con-boxed e-con e-parent\" data-id=\"5064a3c\" data-element_type=\"container\">\n\t\t\t\t\t<div class=\"e-con-inner\">\n\t\t\t\t<div class=\"elementor-element elementor-element-8bff90c elementor-widget elementor-widget-image\" data-id=\"8bff90c\" data-element_type=\"widget\" data-widget_type=\"image.default\">\n\t\t\t\t<div class=\"elementor-widget-container\">\n\t\t\t\t\t\t\t\t\t\t\t\t\t\t\t<img fetchpriority=\"high\" decoding=\"async\" width=\"2560\" height=\"564\" src=\"https:\/\/server0001.de\/cafedroste\/wp-content\/uploads\/2025\/05\/Schriftzug-HP-oben-2022-scaled-1.jpg\" class=\"attachment-full size-full wp-image-97\" alt=\"\" srcset=\"https:\/\/server0001.de\/cafedroste\/wp-content\/uploads\/2025\/05\/Schriftzug-HP-oben-2022-scaled-1.jpg 2560w, https:\/\/server0001.de\/cafedroste\/wp-content\/uploads\/2025\/05\/Schriftzug-HP-oben-2022-scaled-1-300x66.jpg 300w, https:\/\/server0001.de\/cafedroste\/wp-content\/uploads\/2025\/05\/Schriftzug-HP-oben-2022-scaled-1-1024x226.jpg 1024w, https:\/\/server0001.de\/cafedroste\/wp-content\/uploads\/2025\/05\/Schriftzug-HP-oben-2022-scaled-1-768x169.jpg 768w, https:\/\/server0001.de\/cafedroste\/wp-content\/uploads\/2025\/05\/Schriftzug-HP-oben-2022-scaled-1-1536x338.jpg 1536w, https:\/\/server0001.de\/cafedroste\/wp-content\/uploads\/2025\/05\/Schriftzug-HP-oben-2022-scaled-1-2048x451.jpg 2048w\" sizes=\"(max-width: 2560px) 100vw, 2560px\" \/>\t\t\t\t\t\t\t\t\t\t\t\t\t\t\t<\/div>\n\t\t\t\t<\/div>\n\t\t\t\t<div class=\"elementor-element elementor-element-fc391d7 elementor-widget elementor-widget-spacer\" data-id=\"fc391d7\" data-element_type=\"widget\" data-widget_type=\"spacer.default\">\n\t\t\t\t<div class=\"elementor-widget-container\">\n\t\t\t\t\t\t\t<div class=\"elementor-spacer\">\n\t\t\t<div class=\"elementor-spacer-inner\"><\/div>\n\t\t<\/div>\n\t\t\t\t\t\t<\/div>\n\t\t\t\t<\/div>\n\t\t\t\t\t<\/div>\n\t\t\t\t<\/div>\n\t\t<div class=\"elementor-element elementor-element-af71e7e e-flex e-con-boxed e-con e-parent\" data-id=\"af71e7e\" data-element_type=\"container\">\n\t\t\t\t\t<div class=\"e-con-inner\">\n\t\t\t\t<div class=\"elementor-element elementor-element-6d05a80 elementor-widget elementor-widget-heading\" data-id=\"6d05a80\" data-element_type=\"widget\" data-widget_type=\"heading.default\">\n\t\t\t\t<div class=\"elementor-widget-container\">\n\t\t\t\t\t<h2 class=\"elementor-heading-title elementor-size-default\">Tortenkatalog<\/h2>\t\t\t\t<\/div>\n\t\t\t\t<\/div>\n\t\t\t\t<div class=\"elementor-element elementor-element-25e3bac elementor-widget-divider--view-line elementor-widget elementor-widget-divider\" data-id=\"25e3bac\" data-element_type=\"widget\" data-widget_type=\"divider.default\">\n\t\t\t\t<div class=\"elementor-widget-container\">\n\t\t\t\t\t\t\t<div class=\"elementor-divider\">\n\t\t\t<span class=\"elementor-divider-separator\">\n\t\t\t\t\t\t<\/span>\n\t\t<\/div>\n\t\t\t\t\t\t<\/div>\n\t\t\t\t<\/div>\n\t\t\t\t\t<\/div>\n\t\t\t\t<\/div>\n\t\t<div class=\"elementor-element elementor-element-59bda9e e-flex e-con-boxed e-con e-parent\" data-id=\"59bda9e\" data-element_type=\"container\">\n\t\t\t\t\t<div class=\"e-con-inner\">\n\t\t\t\t<div class=\"elementor-element elementor-element-ff0e5a6 elementor-widget elementor-widget-text-editor\" data-id=\"ff0e5a6\" data-element_type=\"widget\" data-widget_type=\"text-editor.default\">\n\t\t\t\t<div class=\"elementor-widget-container\">\n\t\t\t\t\t\t\t\t\t<p>Entdecken Sie unsere Vielfalt an handgefertigten Torten und Geb\u00e4ck. <br \/>Jede Kreation ist ein kleines Kunstwerk und wird mit gr\u00f6\u00dfter Sorgfalt hergestellt.<\/p>\t\t\t\t\t\t\t\t<\/div>\n\t\t\t\t<\/div>\n\t\t\t\t\t<\/div>\n\t\t\t\t<\/div>\n\t\t<div class=\"elementor-element elementor-element-0166e25 e-flex e-con-boxed e-con e-parent\" data-id=\"0166e25\" data-element_type=\"container\">\n\t\t\t\t\t<div class=\"e-con-inner\">\n\t\t<div class=\"elementor-element elementor-element-66e9070 e-con-full e-flex e-con e-child\" data-id=\"66e9070\" data-element_type=\"container\">\n\t\t\t\t<div class=\"elementor-element elementor-element-4747bad elementor-position-top elementor-widget elementor-widget-image-box\" data-id=\"4747bad\" data-element_type=\"widget\" data-widget_type=\"image-box.default\">\n\t\t\t\t<div class=\"elementor-widget-container\">\n\t\t\t\t\t<div class=\"elementor-image-box-wrapper\"><figure class=\"elementor-image-box-img\"><img decoding=\"async\" width=\"600\" height=\"400\" src=\"https:\/\/server0001.de\/cafedroste\/wp-content\/uploads\/2025\/05\/photo-1578985545062-69928b1d9587.avif\" class=\"attachment-full size-full wp-image-232\" alt=\"\" srcset=\"https:\/\/server0001.de\/cafedroste\/wp-content\/uploads\/2025\/05\/photo-1578985545062-69928b1d9587.avif 600w, https:\/\/server0001.de\/cafedroste\/wp-content\/uploads\/2025\/05\/photo-1578985545062-69928b1d9587-300x200.avif 300w\" sizes=\"(max-width: 600px) 100vw, 600px\" \/><\/figure><div class=\"elementor-image-box-content\"><h3 class=\"elementor-image-box-title\">Schokoladen-Traum<\/h3><p class=\"elementor-image-box-description\">Mehrschichtige Schokoladentorte mit dunkler und wei\u00dfer Schokoladenmousse, \u00fcberzogen mit Ganache und dekoriert mit Schokoladenlocken.<\/p><\/div><\/div>\t\t\t\t<\/div>\n\t\t\t\t<\/div>\n\t\t\t\t<\/div>\n\t\t<div class=\"elementor-element elementor-element-9d94319 e-con-full e-flex e-con e-child\" data-id=\"9d94319\" data-element_type=\"container\">\n\t\t\t\t<div class=\"elementor-element elementor-element-73217d4 elementor-position-top elementor-widget elementor-widget-image-box\" data-id=\"73217d4\" data-element_type=\"widget\" data-widget_type=\"image-box.default\">\n\t\t\t\t<div class=\"elementor-widget-container\">\n\t\t\t\t\t<div class=\"elementor-image-box-wrapper\"><figure class=\"elementor-image-box-img\"><img decoding=\"async\" width=\"800\" height=\"600\" src=\"https:\/\/server0001.de\/cafedroste\/wp-content\/uploads\/2025\/05\/photo-1565958011703-44f9829ba187-1.avif\" class=\"attachment-full size-full wp-image-240\" alt=\"\" srcset=\"https:\/\/server0001.de\/cafedroste\/wp-content\/uploads\/2025\/05\/photo-1565958011703-44f9829ba187-1.avif 800w, https:\/\/server0001.de\/cafedroste\/wp-content\/uploads\/2025\/05\/photo-1565958011703-44f9829ba187-1-300x225.avif 300w, https:\/\/server0001.de\/cafedroste\/wp-content\/uploads\/2025\/05\/photo-1565958011703-44f9829ba187-1-768x576.avif 768w\" sizes=\"(max-width: 800px) 100vw, 800px\" \/><\/figure><div class=\"elementor-image-box-content\"><h3 class=\"elementor-image-box-title\">Erdbeer-Sahne<\/h3><p class=\"elementor-image-box-description\">Luftige Biskuitb\u00f6den mit frischen Erdbeeren und zarter Vanillesahne, dekoriert mit saisonalen Fr\u00fcchten und Erdbeerspiegel.<\/p><\/div><\/div>\t\t\t\t<\/div>\n\t\t\t\t<\/div>\n\t\t\t\t<\/div>\n\t\t<div class=\"elementor-element elementor-element-df4e022 e-con-full e-flex e-con e-child\" data-id=\"df4e022\" data-element_type=\"container\">\n\t\t\t\t<div class=\"elementor-element elementor-element-c3852aa elementor-position-top elementor-widget elementor-widget-image-box\" data-id=\"c3852aa\" data-element_type=\"widget\" data-widget_type=\"image-box.default\">\n\t\t\t\t<div class=\"elementor-widget-container\">\n\t\t\t\t\t<div class=\"elementor-image-box-wrapper\"><figure class=\"elementor-image-box-img\"><img loading=\"lazy\" decoding=\"async\" width=\"600\" height=\"400\" src=\"https:\/\/server0001.de\/cafedroste\/wp-content\/uploads\/2025\/05\/photo-1571115177098-24ec42ed204d.avif\" class=\"attachment-full size-full wp-image-241\" alt=\"\" srcset=\"https:\/\/server0001.de\/cafedroste\/wp-content\/uploads\/2025\/05\/photo-1571115177098-24ec42ed204d.avif 600w, https:\/\/server0001.de\/cafedroste\/wp-content\/uploads\/2025\/05\/photo-1571115177098-24ec42ed204d-300x200.avif 300w\" sizes=\"(max-width: 600px) 100vw, 600px\" \/><\/figure><div class=\"elementor-image-box-content\"><h3 class=\"elementor-image-box-title\">Tiramisu Royal<\/h3><p class=\"elementor-image-box-description\">Klassisches Tiramisu mit in Espresso getr\u00e4nkten Biskuitschichten, cremigem Mascarpone und einem Hauch von Amaretto, best\u00e4ubt mit Kakao.<\/p><\/div><\/div>\t\t\t\t<\/div>\n\t\t\t\t<\/div>\n\t\t\t\t<\/div>\n\t\t\t\t\t<\/div>\n\t\t\t\t<\/div>\n\t\t<div class=\"elementor-element elementor-element-cbfabdd e-flex e-con-boxed e-con e-parent\" data-id=\"cbfabdd\" data-element_type=\"container\">\n\t\t\t\t\t<div class=\"e-con-inner\">\n\t\t\t\t<div class=\"elementor-element elementor-element-618bda8 elementor-widget elementor-widget-spacer\" data-id=\"618bda8\" data-element_type=\"widget\" data-widget_type=\"spacer.default\">\n\t\t\t\t<div class=\"elementor-widget-container\">\n\t\t\t\t\t\t\t<div class=\"elementor-spacer\">\n\t\t\t<div class=\"elementor-spacer-inner\"><\/div>\n\t\t<\/div>\n\t\t\t\t\t\t<\/div>\n\t\t\t\t<\/div>\n\t\t\t\t<div class=\"elementor-element elementor-element-8c6c662 elementor-align-center elementor-widget elementor-widget-button\" data-id=\"8c6c662\" data-element_type=\"widget\" data-widget_type=\"button.default\">\n\t\t\t\t<div class=\"elementor-widget-container\">\n\t\t\t\t\t\t\t\t\t<div class=\"elementor-button-wrapper\">\n\t\t\t\t\t<a class=\"elementor-button elementor-button-link elementor-size-sm\" href=\"#\">\n\t\t\t\t\t\t<span class=\"elementor-button-content-wrapper\">\n\t\t\t\t\t\t\t\t\t<span class=\"elementor-button-text\">Kompletten Tortenkatalog ansehen (PDF) <\/span>\n\t\t\t\t\t<\/span>\n\t\t\t\t\t<\/a>\n\t\t\t\t<\/div>\n\t\t\t\t\t\t\t\t<\/div>\n\t\t\t\t<\/div>\n\t\t\t\t\t<\/div>\n\t\t\t\t<\/div>\n\t\t<div class=\"elementor-element elementor-element-436e410 e-flex e-con-boxed e-con e-parent\" data-id=\"436e410\" data-element_type=\"container\">\n\t\t\t\t\t<div class=\"e-con-inner\">\n\t\t\t\t<div class=\"elementor-element elementor-element-751f08f elementor-widget elementor-widget-spacer\" data-id=\"751f08f\" data-element_type=\"widget\" data-widget_type=\"spacer.default\">\n\t\t\t\t<div class=\"elementor-widget-container\">\n\t\t\t\t\t\t\t<div class=\"elementor-spacer\">\n\t\t\t<div class=\"elementor-spacer-inner\"><\/div>\n\t\t<\/div>\n\t\t\t\t\t\t<\/div>\n\t\t\t\t<\/div>\n\t\t\t\t\t<\/div>\n\t\t\t\t<\/div>\n\t\t<div class=\"elementor-element elementor-element-991df74 e-flex e-con-boxed e-con e-parent\" data-id=\"991df74\" data-element_type=\"container\">\n\t\t\t\t\t<div class=\"e-con-inner\">\n\t\t\t\t<div class=\"elementor-element elementor-element-266bb34 elementor-widget elementor-widget-heading\" data-id=\"266bb34\" data-element_type=\"widget\" data-widget_type=\"heading.default\">\n\t\t\t\t<div class=\"elementor-widget-container\">\n\t\t\t\t\t<h2 class=\"elementor-heading-title elementor-size-default\">Individuelle Tortenbestellungen<\/h2>\t\t\t\t<\/div>\n\t\t\t\t<\/div>\n\t\t\t\t<div class=\"elementor-element elementor-element-3369224 elementor-widget elementor-widget-text-editor\" data-id=\"3369224\" data-element_type=\"widget\" data-widget_type=\"text-editor.default\">\n\t\t\t\t<div class=\"elementor-widget-container\">\n\t\t\t\t\t\t\t\t\t<p>Sie haben besondere W\u00fcnsche oder ben\u00f6tigen eine Torte f\u00fcr einen speziellen Anlass? <br \/>Wir fertigen Torten nach Ihren individuellen Vorstellungen.<\/p>\t\t\t\t\t\t\t\t<\/div>\n\t\t\t\t<\/div>\n\t\t\t\t\t<\/div>\n\t\t\t\t<\/div>\n\t\t<div class=\"elementor-element elementor-element-1ead0cb e-flex e-con-boxed e-con e-parent\" data-id=\"1ead0cb\" data-element_type=\"container\">\n\t\t\t\t\t<div class=\"e-con-inner\">\n\t\t<div class=\"elementor-element elementor-element-80c5759 e-con-full e-flex e-con e-child\" data-id=\"80c5759\" data-element_type=\"container\">\n\t\t\t\t<div class=\"elementor-element elementor-element-2086a37 elementor-view-default elementor-position-top elementor-mobile-position-top elementor-widget elementor-widget-icon-box\" data-id=\"2086a37\" data-element_type=\"widget\" data-widget_type=\"icon-box.default\">\n\t\t\t\t<div class=\"elementor-widget-container\">\n\t\t\t\t\t\t\t<div class=\"elementor-icon-box-wrapper\">\n\n\t\t\t\t\t\t<div class=\"elementor-icon-box-icon\">\n\t\t\t\t<span  class=\"elementor-icon\">\n\t\t\t\t<svg aria-hidden=\"true\" class=\"e-font-icon-svg e-fas-star\" viewBox=\"0 0 576 512\" xmlns=\"http:\/\/www.w3.org\/2000\/svg\"><path d=\"M259.3 17.8L194 150.2 47.9 171.5c-26.2 3.8-36.7 36.1-17.7 54.6l105.7 103-25 145.5c-4.5 26.3 23.2 46 46.4 33.7L288 439.6l130.7 68.7c23.2 12.2 50.9-7.4 46.4-33.7l-25-145.5 105.7-103c19-18.5 8.5-50.8-17.7-54.6L382 150.2 316.7 17.8c-11.7-23.6-45.6-23.9-57.4 0z\"><\/path><\/svg>\t\t\t\t<\/span>\n\t\t\t<\/div>\n\t\t\t\n\t\t\t\t\t\t<div class=\"elementor-icon-box-content\">\n\n\t\t\t\t\t\t\t\t\t<h3 class=\"elementor-icon-box-title\">\n\t\t\t\t\t\t<span  >\n\t\t\t\t\t\t\tAnfrage\t\t\t\t\t\t<\/span>\n\t\t\t\t\t<\/h3>\n\t\t\t\t\n\t\t\t\t\t\t\t\t\t<p class=\"elementor-icon-box-description\">\n\t\t\t\t\t\tTeilen Sie uns Ihre W\u00fcnsche mit\t\t\t\t\t<\/p>\n\t\t\t\t\n\t\t\t<\/div>\n\t\t\t\n\t\t<\/div>\n\t\t\t\t\t\t<\/div>\n\t\t\t\t<\/div>\n\t\t\t\t<\/div>\n\t\t<div class=\"elementor-element elementor-element-bbd2603 e-con-full e-flex e-con e-child\" data-id=\"bbd2603\" data-element_type=\"container\">\n\t\t\t\t<div class=\"elementor-element elementor-element-e87fc2e elementor-view-default elementor-position-top elementor-mobile-position-top elementor-widget elementor-widget-icon-box\" data-id=\"e87fc2e\" data-element_type=\"widget\" data-widget_type=\"icon-box.default\">\n\t\t\t\t<div class=\"elementor-widget-container\">\n\t\t\t\t\t\t\t<div class=\"elementor-icon-box-wrapper\">\n\n\t\t\t\t\t\t<div class=\"elementor-icon-box-icon\">\n\t\t\t\t<span  class=\"elementor-icon\">\n\t\t\t\t<svg aria-hidden=\"true\" class=\"e-font-icon-svg e-fas-star\" viewBox=\"0 0 576 512\" xmlns=\"http:\/\/www.w3.org\/2000\/svg\"><path d=\"M259.3 17.8L194 150.2 47.9 171.5c-26.2 3.8-36.7 36.1-17.7 54.6l105.7 103-25 145.5c-4.5 26.3 23.2 46 46.4 33.7L288 439.6l130.7 68.7c23.2 12.2 50.9-7.4 46.4-33.7l-25-145.5 105.7-103c19-18.5 8.5-50.8-17.7-54.6L382 150.2 316.7 17.8c-11.7-23.6-45.6-23.9-57.4 0z\"><\/path><\/svg>\t\t\t\t<\/span>\n\t\t\t<\/div>\n\t\t\t\n\t\t\t\t\t\t<div class=\"elementor-icon-box-content\">\n\n\t\t\t\t\t\t\t\t\t<h3 class=\"elementor-icon-box-title\">\n\t\t\t\t\t\t<span  >\n\t\t\t\t\t\t\tBeratung\t\t\t\t\t\t<\/span>\n\t\t\t\t\t<\/h3>\n\t\t\t\t\n\t\t\t\t\t\t\t\t\t<p class=\"elementor-icon-box-description\">\n\t\t\t\t\t\tWir beraten Sie zu Geschmack und Design\t\t\t\t\t<\/p>\n\t\t\t\t\n\t\t\t<\/div>\n\t\t\t\n\t\t<\/div>\n\t\t\t\t\t\t<\/div>\n\t\t\t\t<\/div>\n\t\t\t\t<\/div>\n\t\t<div class=\"elementor-element elementor-element-38bbd6d e-con-full e-flex e-con e-child\" data-id=\"38bbd6d\" data-element_type=\"container\">\n\t\t\t\t<div class=\"elementor-element elementor-element-ff00c05 elementor-view-default elementor-position-top elementor-mobile-position-top elementor-widget elementor-widget-icon-box\" data-id=\"ff00c05\" data-element_type=\"widget\" data-widget_type=\"icon-box.default\">\n\t\t\t\t<div class=\"elementor-widget-container\">\n\t\t\t\t\t\t\t<div class=\"elementor-icon-box-wrapper\">\n\n\t\t\t\t\t\t<div class=\"elementor-icon-box-icon\">\n\t\t\t\t<span  class=\"elementor-icon\">\n\t\t\t\t<svg aria-hidden=\"true\" class=\"e-font-icon-svg e-fas-star\" viewBox=\"0 0 576 512\" xmlns=\"http:\/\/www.w3.org\/2000\/svg\"><path d=\"M259.3 17.8L194 150.2 47.9 171.5c-26.2 3.8-36.7 36.1-17.7 54.6l105.7 103-25 145.5c-4.5 26.3 23.2 46 46.4 33.7L288 439.6l130.7 68.7c23.2 12.2 50.9-7.4 46.4-33.7l-25-145.5 105.7-103c19-18.5 8.5-50.8-17.7-54.6L382 150.2 316.7 17.8c-11.7-23.6-45.6-23.9-57.4 0z\"><\/path><\/svg>\t\t\t\t<\/span>\n\t\t\t<\/div>\n\t\t\t\n\t\t\t\t\t\t<div class=\"elementor-icon-box-content\">\n\n\t\t\t\t\t\t\t\t\t<h3 class=\"elementor-icon-box-title\">\n\t\t\t\t\t\t<span  >\n\t\t\t\t\t\t\tUmsetzung\t\t\t\t\t\t<\/span>\n\t\t\t\t\t<\/h3>\n\t\t\t\t\n\t\t\t\t\t\t\t\t\t<p class=\"elementor-icon-box-description\">\n\t\t\t\t\t\tWir setzen Ihre Traumtorte um\t\t\t\t\t<\/p>\n\t\t\t\t\n\t\t\t<\/div>\n\t\t\t\n\t\t<\/div>\n\t\t\t\t\t\t<\/div>\n\t\t\t\t<\/div>\n\t\t\t\t<\/div>\n\t\t\t\t\t<\/div>\n\t\t\t\t<\/div>\n\t\t<div class=\"elementor-element elementor-element-7149ea9 e-flex e-con-boxed e-con e-parent\" data-id=\"7149ea9\" data-element_type=\"container\">\n\t\t\t\t\t<div class=\"e-con-inner\">\n\t\t\t\t<div class=\"elementor-element elementor-element-427b5d8 elementor-align-center elementor-widget elementor-widget-button\" data-id=\"427b5d8\" data-element_type=\"widget\" data-widget_type=\"button.default\">\n\t\t\t\t<div class=\"elementor-widget-container\">\n\t\t\t\t\t\t\t\t\t<div class=\"elementor-button-wrapper\">\n\t\t\t\t\t<a class=\"elementor-button elementor-button-link elementor-size-sm\" href=\"https:\/\/server0001.de\/cafedroste\/kontakt\/\">\n\t\t\t\t\t\t<span class=\"elementor-button-content-wrapper\">\n\t\t\t\t\t\t\t\t\t<span class=\"elementor-button-text\">Individuelle Torte anfragen<\/span>\n\t\t\t\t\t<\/span>\n\t\t\t\t\t<\/a>\n\t\t\t\t<\/div>\n\t\t\t\t\t\t\t\t<\/div>\n\t\t\t\t<\/div>\n\t\t\t\t\t<\/div>\n\t\t\t\t<\/div>\n\t\t<div class=\"elementor-element elementor-element-fa2d143 e-flex e-con-boxed e-con e-parent\" data-id=\"fa2d143\" data-element_type=\"container\">\n\t\t\t\t\t<div class=\"e-con-inner\">\n\t\t\t\t<div class=\"elementor-element elementor-element-9df7056 elementor-widget elementor-widget-spacer\" data-id=\"9df7056\" data-element_type=\"widget\" data-widget_type=\"spacer.default\">\n\t\t\t\t<div class=\"elementor-widget-container\">\n\t\t\t\t\t\t\t<div class=\"elementor-spacer\">\n\t\t\t<div class=\"elementor-spacer-inner\"><\/div>\n\t\t<\/div>\n\t\t\t\t\t\t<\/div>\n\t\t\t\t<\/div>\n\t\t\t\t\t<\/div>\n\t\t\t\t<\/div>\n\t\t\t\t<\/div>\n\t\t","protected":false},"excerpt":{"rendered":"<p>Tortenkatalog Entdecken Sie unsere Vielfalt an handgefertigten Torten und Geb\u00e4ck. Jede Kreation ist ein kleines Kunstwerk und wird mit gr\u00f6\u00dfter [&hellip;]<\/p>\n","protected":false},"author":1,"featured_media":0,"parent":0,"menu_order":0,"comment_status":"closed","ping_status":"closed","template":"elementor_header_footer","meta":{"site-sidebar-layout":"no-sidebar","site-content-layout":"","ast-site-content-layout":"full-width-container","site-content-style":"default","site-sidebar-style":"default","ast-global-header-display":"","ast-banner-title-visibility":"","ast-main-header-display":"","ast-hfb-above-header-display":"","ast-hfb-below-header-display":"","ast-hfb-mobile-header-display":"","site-post-title":"disabled","ast-breadcrumbs-content":"","ast-featured-img":"disabled","footer-sml-layout":"","theme-transparent-header-meta":"","adv-header-id-meta":"","stick-header-meta":"","header-above-stick-meta":"","header-main-stick-meta":"","header-below-stick-meta":"","astra-migrate-meta-layouts":"default","ast-page-background-enabled":"default","ast-page-background-meta":{"desktop":{"background-color":"var(--ast-global-color-5)","background-image":"","background-repeat":"repeat","background-position":"center center","background-size":"auto","background-attachment":"scroll","background-type":"","background-media":"","overlay-type":"","overlay-color":"","overlay-opacity":"","overlay-gradient":""},"tablet":{"background-color":"","background-image":"","background-repeat":"repeat","background-position":"center center","background-size":"auto","background-attachment":"scroll","background-type":"","background-media":"","overlay-type":"","overlay-color":"","overlay-opacity":"","overlay-gradient":""},"mobile":{"background-color":"","background-image":"","background-repeat":"repeat","background-position":"center center","background-size":"auto","background-attachment":"scroll","background-type":"","background-media":"","overlay-type":"","overlay-color":"","overlay-opacity":"","overlay-gradient":""}},"ast-content-background-meta":{"desktop":{"background-color":"var(--ast-global-color-4)","background-image":"","background-repeat":"repeat","background-position":"center center","background-size":"auto","background-attachment":"scroll","background-type":"","background-media":"","overlay-type":"","overlay-color":"","overlay-opacity":"","overlay-gradient":""},"tablet":{"background-color":"var(--ast-global-color-4)","background-image":"","background-repeat":"repeat","background-position":"center center","background-size":"auto","background-attachment":"scroll","background-type":"","background-media":"","overlay-type":"","overlay-color":"","overlay-opacity":"","overlay-gradient":""},"mobile":{"background-color":"var(--ast-global-color-4)","background-image":"","background-repeat":"repeat","background-position":"center center","background-size":"auto","background-attachment":"scroll","background-type":"","background-media":"","overlay-type":"","overlay-color":"","overlay-opacity":"","overlay-gradient":""}},"footnotes":""},"class_list":["post-64","page","type-page","status-publish","hentry"],"_links":{"self":[{"href":"https:\/\/server0001.de\/cafedroste\/wp-json\/wp\/v2\/pages\/64","targetHints":{"allow":["GET"]}}],"collection":[{"href":"https:\/\/server0001.de\/cafedroste\/wp-json\/wp\/v2\/pages"}],"about":[{"href":"https:\/\/server0001.de\/cafedroste\/wp-json\/wp\/v2\/types\/page"}],"author":[{"embeddable":true,"href":"https:\/\/server0001.de\/cafedroste\/wp-json\/wp\/v2\/users\/1"}],"replies":[{"embeddable":true,"href":"https:\/\/server0001.de\/cafedroste\/wp-json\/wp\/v2\/comments?post=64"}],"version-history":[{"count":40,"href":"https:\/\/server0001.de\/cafedroste\/wp-json\/wp\/v2\/pages\/64\/revisions"}],"predecessor-version":[{"id":470,"href":"https:\/\/server0001.de\/cafedroste\/wp-json\/wp\/v2\/pages\/64\/revisions\/470"}],"wp:attachment":[{"href":"https:\/\/server0001.de\/cafedroste\/wp-json\/wp\/v2\/media?parent=64"}],"curies":[{"name":"wp","href":"https:\/\/api.w.org\/{rel}","templated":true}]}}