{"id":54,"date":"2025-05-21T19:38:31","date_gmt":"2025-05-21T19:38:31","guid":{"rendered":"https:\/\/server0001.de\/cafedroste\/?page_id=54"},"modified":"2025-06-10T08:11:08","modified_gmt":"2025-06-10T06:11:08","slug":"home","status":"publish","type":"page","link":"https:\/\/server0001.de\/cafedroste\/","title":{"rendered":"Home"},"content":{"rendered":"\t\t<div data-elementor-type=\"wp-page\" data-elementor-id=\"54\" class=\"elementor elementor-54\" data-elementor-post-type=\"page\">\n\t\t\t\t<div class=\"elementor-element elementor-element-01e025d e-flex e-con-boxed e-con e-parent\" data-id=\"01e025d\" data-element_type=\"container\" data-settings=\"{&quot;background_background&quot;:&quot;classic&quot;}\">\n\t\t\t\t\t<div class=\"e-con-inner\">\n\t\t\t\t<div class=\"elementor-element elementor-element-3afa82c elementor-widget elementor-widget-image\" data-id=\"3afa82c\" data-element_type=\"widget\" data-widget_type=\"image.default\">\n\t\t\t\t<div class=\"elementor-widget-container\">\n\t\t\t\t\t\t\t\t\t\t\t\t\t\t\t<img fetchpriority=\"high\" decoding=\"async\" width=\"2560\" height=\"564\" src=\"https:\/\/server0001.de\/cafedroste\/wp-content\/uploads\/2025\/05\/Schriftzug-HP-oben-2022-scaled-1.jpg\" class=\"attachment-full size-full wp-image-97\" alt=\"\" srcset=\"https:\/\/server0001.de\/cafedroste\/wp-content\/uploads\/2025\/05\/Schriftzug-HP-oben-2022-scaled-1.jpg 2560w, https:\/\/server0001.de\/cafedroste\/wp-content\/uploads\/2025\/05\/Schriftzug-HP-oben-2022-scaled-1-300x66.jpg 300w, https:\/\/server0001.de\/cafedroste\/wp-content\/uploads\/2025\/05\/Schriftzug-HP-oben-2022-scaled-1-1024x226.jpg 1024w, https:\/\/server0001.de\/cafedroste\/wp-content\/uploads\/2025\/05\/Schriftzug-HP-oben-2022-scaled-1-768x169.jpg 768w, https:\/\/server0001.de\/cafedroste\/wp-content\/uploads\/2025\/05\/Schriftzug-HP-oben-2022-scaled-1-1536x338.jpg 1536w, https:\/\/server0001.de\/cafedroste\/wp-content\/uploads\/2025\/05\/Schriftzug-HP-oben-2022-scaled-1-2048x451.jpg 2048w\" sizes=\"(max-width: 2560px) 100vw, 2560px\" \/>\t\t\t\t\t\t\t\t\t\t\t\t\t\t\t<\/div>\n\t\t\t\t<\/div>\n\t\t\t\t<div class=\"elementor-element elementor-element-3613e7a elementor-widget elementor-widget-spacer\" data-id=\"3613e7a\" data-element_type=\"widget\" data-widget_type=\"spacer.default\">\n\t\t\t\t<div class=\"elementor-widget-container\">\n\t\t\t\t\t\t\t<div class=\"elementor-spacer\">\n\t\t\t<div class=\"elementor-spacer-inner\"><\/div>\n\t\t<\/div>\n\t\t\t\t\t\t<\/div>\n\t\t\t\t<\/div>\n\t\t\t\t<div class=\"elementor-element elementor-element-c3f9376 elementor-widget elementor-widget-heading\" data-id=\"c3f9376\" data-element_type=\"widget\" data-widget_type=\"heading.default\">\n\t\t\t\t<div class=\"elementor-widget-container\">\n\t\t\t\t\t<h2 class=\"elementor-heading-title elementor-size-default\">Herzlich Willkommen<\/h2>\t\t\t\t<\/div>\n\t\t\t\t<\/div>\n\t\t\t\t\t<\/div>\n\t\t\t\t<\/div>\n\t\t<div class=\"elementor-element elementor-element-ce67d9a e-flex e-con-boxed e-con e-parent\" data-id=\"ce67d9a\" data-element_type=\"container\">\n\t\t\t\t\t<div class=\"e-con-inner\">\n\t\t<div class=\"elementor-element elementor-element-e3a565e e-con-full e-flex e-con e-child\" data-id=\"e3a565e\" data-element_type=\"container\">\n\t\t\t\t<div class=\"elementor-element elementor-element-60db90f elementor-widget elementor-widget-text-editor\" data-id=\"60db90f\" data-element_type=\"widget\" data-widget_type=\"text-editor.default\">\n\t\t\t\t<div class=\"elementor-widget-container\">\n\t\t\t\t\t\t\t\t\t<p class=\"text-black mb-4\"><br \/>Bei Caf\u00e9 &amp; Conditorei Droste verbinden wir traditionelle Backkunst mit modernen Aromen und Techniken. Seit 1954 verw\u00f6hnen wir unsere G\u00e4ste mit k\u00f6stlichen Torten, feinem Geb\u00e4ck und erstklassigem Kaffee.<\/p><p class=\"text-black mb-4\">Jedes unserer Produkte wird mit Liebe zum Detail von unseren erfahrenen Konditoren handgefertigt. Wir verwenden ausschlie\u00dflich hochwertige Zutaten aus der Region und legen gr\u00f6\u00dften Wert auf Qualit\u00e4t und Geschmack.<\/p><p class=\"text-black mb-6\">Besuchen Sie eine unserer gem\u00fctlichen Filialen und lassen Sie sich von der warmen Atmosph\u00e4re und unseren s\u00fc\u00dfen Verf\u00fchrungen verzaubern.<\/p>\t\t\t\t\t\t\t\t<\/div>\n\t\t\t\t<\/div>\n\t\t\t\t<\/div>\n\t\t<div class=\"elementor-element elementor-element-baab606 e-con-full e-flex e-con e-child\" data-id=\"baab606\" data-element_type=\"container\">\n\t\t\t\t<div class=\"elementor-element elementor-element-a8dd4b7 elementor-widget elementor-widget-image\" data-id=\"a8dd4b7\" data-element_type=\"widget\" data-widget_type=\"image.default\">\n\t\t\t\t<div class=\"elementor-widget-container\">\n\t\t\t\t\t\t\t\t\t\t\t\t\t\t\t<img decoding=\"async\" width=\"768\" height=\"543\" src=\"https:\/\/server0001.de\/cafedroste\/wp-content\/uploads\/2025\/05\/Hilde_Michi_2_2024-768x543-1.jpg\" class=\"attachment-full size-full wp-image-99\" alt=\"\" srcset=\"https:\/\/server0001.de\/cafedroste\/wp-content\/uploads\/2025\/05\/Hilde_Michi_2_2024-768x543-1.jpg 768w, https:\/\/server0001.de\/cafedroste\/wp-content\/uploads\/2025\/05\/Hilde_Michi_2_2024-768x543-1-300x212.jpg 300w\" sizes=\"(max-width: 768px) 100vw, 768px\" \/>\t\t\t\t\t\t\t\t\t\t\t\t\t\t\t<\/div>\n\t\t\t\t<\/div>\n\t\t\t\t<\/div>\n\t\t\t\t\t<\/div>\n\t\t\t\t<\/div>\n\t\t<div class=\"elementor-element elementor-element-80c2020 e-flex e-con-boxed e-con e-parent\" data-id=\"80c2020\" data-element_type=\"container\">\n\t\t\t\t\t<div class=\"e-con-inner\">\n\t\t\t\t<div class=\"elementor-element elementor-element-753b0fe elementor-widget elementor-widget-button\" data-id=\"753b0fe\" data-element_type=\"widget\" data-widget_type=\"button.default\">\n\t\t\t\t<div class=\"elementor-widget-container\">\n\t\t\t\t\t\t\t\t\t<div class=\"elementor-button-wrapper\">\n\t\t\t\t\t<a class=\"elementor-button elementor-button-link elementor-size-sm\" href=\"https:\/\/server0001.de\/cafedroste\/unsere-betriebe\/\">\n\t\t\t\t\t\t<span class=\"elementor-button-content-wrapper\">\n\t\t\t\t\t\t\t\t\t<span class=\"elementor-button-text\">Unsere Standorte entdecken<\/span>\n\t\t\t\t\t<\/span>\n\t\t\t\t\t<\/a>\n\t\t\t\t<\/div>\n\t\t\t\t\t\t\t\t<\/div>\n\t\t\t\t<\/div>\n\t\t\t\t\t<\/div>\n\t\t\t\t<\/div>\n\t\t<div class=\"elementor-element elementor-element-a746a3b e-flex e-con-boxed e-con e-parent\" data-id=\"a746a3b\" data-element_type=\"container\">\n\t\t\t\t\t<div class=\"e-con-inner\">\n\t\t\t\t<div class=\"elementor-element elementor-element-f7c061a elementor-widget elementor-widget-spacer\" data-id=\"f7c061a\" data-element_type=\"widget\" data-widget_type=\"spacer.default\">\n\t\t\t\t<div class=\"elementor-widget-container\">\n\t\t\t\t\t\t\t<div class=\"elementor-spacer\">\n\t\t\t<div class=\"elementor-spacer-inner\"><\/div>\n\t\t<\/div>\n\t\t\t\t\t\t<\/div>\n\t\t\t\t<\/div>\n\t\t\t\t\t<\/div>\n\t\t\t\t<\/div>\n\t\t\t\t<\/div>\n\t\t","protected":false},"excerpt":{"rendered":"<p>Herzlich Willkommen Bei Caf\u00e9 &amp; Conditorei Droste verbinden wir traditionelle Backkunst mit modernen Aromen und Techniken. Seit 1954 verw\u00f6hnen wir [&hellip;]<\/p>\n","protected":false},"author":1,"featured_media":0,"parent":0,"menu_order":0,"comment_status":"closed","ping_status":"closed","template":"elementor_header_footer","meta":{"site-sidebar-layout":"no-sidebar","site-content-layout":"","ast-site-content-layout":"full-width-container","site-content-style":"default","site-sidebar-style":"default","ast-global-header-display":"","ast-banner-title-visibility":"","ast-main-header-display":"","ast-hfb-above-header-display":"","ast-hfb-below-header-display":"","ast-hfb-mobile-header-display":"","site-post-title":"disabled","ast-breadcrumbs-content":"","ast-featured-img":"disabled","footer-sml-layout":"","theme-transparent-header-meta":"","adv-header-id-meta":"","stick-header-meta":"","header-above-stick-meta":"","header-main-stick-meta":"","header-below-stick-meta":"","astra-migrate-meta-layouts":"default","ast-page-background-enabled":"default","ast-page-background-meta":{"desktop":{"background-color":"var(--ast-global-color-5)","background-image":"","background-repeat":"repeat","background-position":"center center","background-size":"auto","background-attachment":"scroll","background-type":"","background-media":"","overlay-type":"","overlay-color":"","overlay-opacity":"","overlay-gradient":""},"tablet":{"background-color":"","background-image":"","background-repeat":"repeat","background-position":"center center","background-size":"auto","background-attachment":"scroll","background-type":"","background-media":"","overlay-type":"","overlay-color":"","overlay-opacity":"","overlay-gradient":""},"mobile":{"background-color":"","background-image":"","background-repeat":"repeat","background-position":"center center","background-size":"auto","background-attachment":"scroll","background-type":"","background-media":"","overlay-type":"","overlay-color":"","overlay-opacity":"","overlay-gradient":""}},"ast-content-background-meta":{"desktop":{"background-color":"var(--ast-global-color-4)","background-image":"","background-repeat":"repeat","background-position":"center center","background-size":"auto","background-attachment":"scroll","background-type":"","background-media":"","overlay-type":"","overlay-color":"","overlay-opacity":"","overlay-gradient":""},"tablet":{"background-color":"var(--ast-global-color-4)","background-image":"","background-repeat":"repeat","background-position":"center center","background-size":"auto","background-attachment":"scroll","background-type":"","background-media":"","overlay-type":"","overlay-color":"","overlay-opacity":"","overlay-gradient":""},"mobile":{"background-color":"var(--ast-global-color-4)","background-image":"","background-repeat":"repeat","background-position":"center center","background-size":"auto","background-attachment":"scroll","background-type":"","background-media":"","overlay-type":"","overlay-color":"","overlay-opacity":"","overlay-gradient":""}},"footnotes":""},"class_list":["post-54","page","type-page","status-publish","hentry"],"_links":{"self":[{"href":"https:\/\/server0001.de\/cafedroste\/wp-json\/wp\/v2\/pages\/54","targetHints":{"allow":["GET"]}}],"collection":[{"href":"https:\/\/server0001.de\/cafedroste\/wp-json\/wp\/v2\/pages"}],"about":[{"href":"https:\/\/server0001.de\/cafedroste\/wp-json\/wp\/v2\/types\/page"}],"author":[{"embeddable":true,"href":"https:\/\/server0001.de\/cafedroste\/wp-json\/wp\/v2\/users\/1"}],"replies":[{"embeddable":true,"href":"https:\/\/server0001.de\/cafedroste\/wp-json\/wp\/v2\/comments?post=54"}],"version-history":[{"count":25,"href":"https:\/\/server0001.de\/cafedroste\/wp-json\/wp\/v2\/pages\/54\/revisions"}],"predecessor-version":[{"id":510,"href":"https:\/\/server0001.de\/cafedroste\/wp-json\/wp\/v2\/pages\/54\/revisions\/510"}],"wp:attachment":[{"href":"https:\/\/server0001.de\/cafedroste\/wp-json\/wp\/v2\/media?parent=54"}],"curies":[{"name":"wp","href":"https:\/\/api.w.org\/{rel}","templated":true}]}}