{"id":369,"date":"2025-06-01T17:51:30","date_gmt":"2025-06-01T15:51:30","guid":{"rendered":"https:\/\/server0001.de\/cafedroste\/?page_id=369"},"modified":"2025-06-01T18:02:58","modified_gmt":"2025-06-01T16:02:58","slug":"impressum","status":"publish","type":"page","link":"https:\/\/server0001.de\/cafedroste\/impressum\/","title":{"rendered":"Impressum"},"content":{"rendered":"\t\t<div data-elementor-type=\"wp-page\" data-elementor-id=\"369\" class=\"elementor elementor-369\" data-elementor-post-type=\"page\">\n\t\t\t\t<div class=\"elementor-element elementor-element-2ead3e1 e-flex e-con-boxed e-con e-parent\" data-id=\"2ead3e1\" data-element_type=\"container\" data-settings=\"{&quot;background_background&quot;:&quot;classic&quot;}\">\n\t\t\t\t\t<div class=\"e-con-inner\">\n\t\t\t\t<div class=\"elementor-element elementor-element-7826cde elementor-widget elementor-widget-image\" data-id=\"7826cde\" data-element_type=\"widget\" data-widget_type=\"image.default\">\n\t\t\t\t<div class=\"elementor-widget-container\">\n\t\t\t\t\t\t\t\t\t\t\t\t\t\t\t<img fetchpriority=\"high\" decoding=\"async\" width=\"2560\" height=\"564\" src=\"https:\/\/server0001.de\/cafedroste\/wp-content\/uploads\/2025\/05\/Schriftzug-HP-oben-2022-scaled-1.jpg\" class=\"attachment-full size-full wp-image-97\" alt=\"\" srcset=\"https:\/\/server0001.de\/cafedroste\/wp-content\/uploads\/2025\/05\/Schriftzug-HP-oben-2022-scaled-1.jpg 2560w, https:\/\/server0001.de\/cafedroste\/wp-content\/uploads\/2025\/05\/Schriftzug-HP-oben-2022-scaled-1-300x66.jpg 300w, https:\/\/server0001.de\/cafedroste\/wp-content\/uploads\/2025\/05\/Schriftzug-HP-oben-2022-scaled-1-1024x226.jpg 1024w, https:\/\/server0001.de\/cafedroste\/wp-content\/uploads\/2025\/05\/Schriftzug-HP-oben-2022-scaled-1-768x169.jpg 768w, https:\/\/server0001.de\/cafedroste\/wp-content\/uploads\/2025\/05\/Schriftzug-HP-oben-2022-scaled-1-1536x338.jpg 1536w, https:\/\/server0001.de\/cafedroste\/wp-content\/uploads\/2025\/05\/Schriftzug-HP-oben-2022-scaled-1-2048x451.jpg 2048w\" sizes=\"(max-width: 2560px) 100vw, 2560px\" \/>\t\t\t\t\t\t\t\t\t\t\t\t\t\t\t<\/div>\n\t\t\t\t<\/div>\n\t\t\t\t<div class=\"elementor-element elementor-element-937de98 elementor-widget elementor-widget-spacer\" data-id=\"937de98\" data-element_type=\"widget\" data-widget_type=\"spacer.default\">\n\t\t\t\t<div class=\"elementor-widget-container\">\n\t\t\t\t\t\t\t<div class=\"elementor-spacer\">\n\t\t\t<div class=\"elementor-spacer-inner\"><\/div>\n\t\t<\/div>\n\t\t\t\t\t\t<\/div>\n\t\t\t\t<\/div>\n\t\t\t\t<div class=\"elementor-element elementor-element-e2fab01 elementor-widget elementor-widget-heading\" data-id=\"e2fab01\" data-element_type=\"widget\" data-widget_type=\"heading.default\">\n\t\t\t\t<div class=\"elementor-widget-container\">\n\t\t\t\t\t<h2 class=\"elementor-heading-title elementor-size-default\">Impressum<\/h2>\t\t\t\t<\/div>\n\t\t\t\t<\/div>\n\t\t\t\t<div class=\"elementor-element elementor-element-fea3cb0 elementor-widget-divider--view-line elementor-widget elementor-widget-divider\" data-id=\"fea3cb0\" data-element_type=\"widget\" data-widget_type=\"divider.default\">\n\t\t\t\t<div class=\"elementor-widget-container\">\n\t\t\t\t\t\t\t<div class=\"elementor-divider\">\n\t\t\t<span class=\"elementor-divider-separator\">\n\t\t\t\t\t\t<\/span>\n\t\t<\/div>\n\t\t\t\t\t\t<\/div>\n\t\t\t\t<\/div>\n\t\t\t\t<div class=\"elementor-element elementor-element-675197f elementor-widget elementor-widget-text-editor\" data-id=\"675197f\" data-element_type=\"widget\" data-widget_type=\"text-editor.default\">\n\t\t\t\t<div class=\"elementor-widget-container\">\n\t\t\t\t\t\t\t\t\t<p data-start=\"217\" data-end=\"301\"><strong data-start=\"217\" data-end=\"259\">LifeStyle Catering \u2013 Conditorei &amp; Caf\u00e9<\/strong><br data-start=\"259\" data-end=\"262\" \/>Eggerscheidter Str. 60<br data-start=\"284\" data-end=\"287\" \/>40883 Ratingen<\/p><p data-start=\"303\" data-end=\"348\"><strong data-start=\"303\" data-end=\"331\">Vertretungsberechtigter:<\/strong><br data-start=\"331\" data-end=\"334\" \/>Michael Droste<\/p><p data-start=\"350\" data-end=\"538\"><strong data-start=\"350\" data-end=\"372\">Berufsbezeichnung:<\/strong><br data-start=\"372\" data-end=\"375\" \/>Konditormeister (verliehen in Deutschland)<br data-start=\"417\" data-end=\"420\" \/>Pr\u00fcfung bestanden an der Meisterschule K\u00f6ln am 25.01.1990<br data-start=\"477\" data-end=\"480\" \/>Handwerksordnung (BGBl. I S. 3074, Fassung vom 24.09.1998)<\/p><p data-start=\"540\" data-end=\"628\"><strong data-start=\"540\" data-end=\"552\">Kontakt:<\/strong><br data-start=\"552\" data-end=\"555\" \/>Telefon: 02102-60335<br data-start=\"575\" data-end=\"578\" \/>Telefax: 02102-67327<br data-start=\"598\" data-end=\"601\" \/>E-Mail: <a class=\"cursor-pointer\" rel=\"noopener\" data-start=\"609\" data-end=\"628\">info@cafe-droste.de<\/a><\/p><p data-start=\"630\" data-end=\"686\"><strong data-start=\"630\" data-end=\"669\">Umsatzsteuer-Identifikationsnummer:<\/strong><br data-start=\"669\" data-end=\"672\" \/>DE 310 133 542<\/p><p data-start=\"688\" data-end=\"887\"><strong data-start=\"688\" data-end=\"754\">Zust\u00e4ndige Aufsichtsbeh\u00f6rde und Eintrag in die Handwerksrolle:<\/strong><br data-start=\"754\" data-end=\"757\" \/>Handwerkskammer D\u00fcsseldorf<br data-start=\"783\" data-end=\"786\" \/>Georg-Schulhoff-Platz 1<br data-start=\"809\" data-end=\"812\" \/>40221 D\u00fcsseldorf<br data-start=\"828\" data-end=\"831\" \/><a class=\"\" href=\"https:\/\/www.hwk-duesseldorf.de\" target=\"_new\" rel=\"noopener\" data-start=\"831\" data-end=\"887\">www.hwk-duesseldorf.de<\/a><\/p><p data-start=\"889\" data-end=\"1124\"><strong data-start=\"889\" data-end=\"923\">Berufshaftpflichtversicherung:<\/strong><br data-start=\"923\" data-end=\"926\" \/>Rhion Versicherung AG<br data-start=\"947\" data-end=\"950\" \/>Postfach 10 12 49<br data-start=\"967\" data-end=\"970\" \/>41412 Neuss<br data-start=\"981\" data-end=\"984\" \/>Versicherungsnummer: 67\/67-2810-00589053-0<br data-start=\"1026\" data-end=\"1029\" \/>Versicherungssumme f\u00fcr Personen- und Sachsch\u00e4den: 3.000.000,00 Euro<br data-start=\"1096\" data-end=\"1099\" \/>Geltungsbereich: weltweit<\/p><p data-start=\"1126\" data-end=\"1249\"><strong data-start=\"1126\" data-end=\"1154\">Versicherungsvermittler:<\/strong><br data-start=\"1154\" data-end=\"1157\" \/>Stefan Heins \u2013 Maklerkontor<br data-start=\"1184\" data-end=\"1187\" \/>Eggerscheidter Str. 69<br data-start=\"1209\" data-end=\"1212\" \/>40883 Ratingen<br data-start=\"1226\" data-end=\"1229\" \/>Tel.: 02102 \u2013 896031<\/p><hr data-start=\"1251\" data-end=\"1254\" \/><p data-start=\"1256\" data-end=\"1528\"><strong data-start=\"1256\" data-end=\"1310\">Online-Streitbeilegung und Verbraucherschlichtung:<\/strong><br data-start=\"1310\" data-end=\"1313\" \/>Die Europ\u00e4ische Kommission stellt eine Plattform zur Online-Streitbeilegung (OS) bereit: <a class=\"\" href=\"https:\/\/ec.europa.eu\/consumers\/odr\" target=\"_new\" rel=\"noopener\" data-start=\"1402\" data-end=\"1474\">https:\/\/ec.europa.eu\/consumers\/odr<\/a><br data-start=\"1474\" data-end=\"1477\" \/>Unsere E-Mail-Adresse finden Sie oben im Impressum.<\/p><p data-start=\"1530\" data-end=\"1658\">Wir sind nicht verpflichtet und nicht bereit, an Streitbeilegungsverfahren vor einer Verbraucherschlichtungsstelle teilzunehmen.<\/p><hr data-start=\"1660\" data-end=\"1663\" \/><p data-start=\"1665\" data-end=\"2320\"><strong data-start=\"1665\" data-end=\"1689\">Haftung f\u00fcr Inhalte:<\/strong><br data-start=\"1689\" data-end=\"1692\" \/>Wir sind f\u00fcr die eigenen Inhalte auf diesen Seiten nach den allgemeinen Gesetzen verantwortlich. Wir sind jedoch nicht verpflichtet, \u00fcbermittelte oder gespeicherte fremde Informationen zu \u00fcberwachen oder nach Umst\u00e4nden zu forschen, die auf eine rechtswidrige T\u00e4tigkeit hinweisen. Verpflichtungen zur Entfernung oder Sperrung der Nutzung von Informationen nach den allgemeinen Gesetzen bleiben hiervon unber\u00fchrt. Eine diesbez\u00fcgliche Haftung ist jedoch erst ab dem Zeitpunkt der Kenntnis einer konkreten Rechtsverletzung m\u00f6glich. Bei Bekanntwerden von entsprechenden Rechtsverletzungen werden wir diese Inhalte umgehend entfernen.<\/p><hr data-start=\"2322\" data-end=\"2325\" \/><p data-start=\"2327\" data-end=\"3040\"><strong data-start=\"2327\" data-end=\"2349\">Haftung f\u00fcr Links:<\/strong><br data-start=\"2349\" data-end=\"2352\" \/>Unser Angebot enth\u00e4lt Links zu externen Webseiten Dritter, auf deren Inhalte wir keinen Einfluss haben. Deshalb k\u00f6nnen wir f\u00fcr diese fremden Inhalte auch keine Gew\u00e4hr \u00fcbernehmen. F\u00fcr die Inhalte der verlinkten Seiten ist stets der jeweilige Anbieter oder Betreiber der Seiten verantwortlich. Die verlinkten Seiten wurden zum Zeitpunkt der Verlinkung auf m\u00f6gliche Rechtsverst\u00f6\u00dfe \u00fcberpr\u00fcft. Rechtswidrige Inhalte waren zum Zeitpunkt der Verlinkung nicht erkennbar. Eine permanente inhaltliche Kontrolle der verlinkten Seiten ist jedoch ohne konkrete Anhaltspunkte einer Rechtsverletzung nicht zumutbar. Bei Bekanntwerden von Rechtsverletzungen werden wir derartige Links umgehend entfernen.<\/p><hr data-start=\"3042\" data-end=\"3045\" \/><p data-start=\"3047\" data-end=\"3863\"><strong data-start=\"3047\" data-end=\"3064\">Urheberrecht:<\/strong><br data-start=\"3064\" data-end=\"3067\" \/>Die durch die Seitenbetreiber erstellten Inhalte und Werke auf diesen Seiten unterliegen dem deutschen Urheberrecht. Die Vervielf\u00e4ltigung, Bearbeitung, Verbreitung und jede Art der Verwertung au\u00dferhalb der Grenzen des Urheberrechtes bed\u00fcrfen der schriftlichen Zustimmung des jeweiligen Autors bzw. Erstellers. Downloads und Kopien dieser Seite sind nur f\u00fcr den privaten, nicht kommerziellen Gebrauch gestattet. Soweit die Inhalte auf dieser Seite nicht vom Betreiber erstellt wurden, werden die Urheberrechte Dritter beachtet. Insbesondere werden Inhalte Dritter als solche gekennzeichnet. Sollten Sie trotzdem auf eine Urheberrechtsverletzung aufmerksam werden, bitten wir um einen entsprechenden Hinweis. Bei Bekanntwerden von Rechtsverletzungen werden wir derartige Inhalte umgehend entfernen.<\/p><hr data-start=\"3865\" data-end=\"3868\" \/><p data-start=\"3870\" data-end=\"4056\"><strong data-start=\"3870\" data-end=\"3882\">Hinweis:<\/strong><br data-start=\"3882\" data-end=\"3885\" \/>Dieses Impressum wurde nach aktueller Rechtslage (DDG, Stand Juni 2024) erstellt. F\u00fcr spezifische oder komplexe Anforderungen kann eine anwaltliche Beratung sinnvoll sein.<\/p>\t\t\t\t\t\t\t\t<\/div>\n\t\t\t\t<\/div>\n\t\t\t\t<div class=\"elementor-element elementor-element-98cd8a6 elementor-widget elementor-widget-spacer\" data-id=\"98cd8a6\" data-element_type=\"widget\" data-widget_type=\"spacer.default\">\n\t\t\t\t<div class=\"elementor-widget-container\">\n\t\t\t\t\t\t\t<div class=\"elementor-spacer\">\n\t\t\t<div class=\"elementor-spacer-inner\"><\/div>\n\t\t<\/div>\n\t\t\t\t\t\t<\/div>\n\t\t\t\t<\/div>\n\t\t\t\t\t<\/div>\n\t\t\t\t<\/div>\n\t\t\t\t<\/div>\n\t\t","protected":false},"excerpt":{"rendered":"<p>Impressum LifeStyle Catering \u2013 Conditorei &amp; Caf\u00e9Eggerscheidter Str. 6040883 Ratingen Vertretungsberechtigter:Michael Droste Berufsbezeichnung:Konditormeister (verliehen in Deutschland)Pr\u00fcfung bestanden an der Meisterschule [&hellip;]<\/p>\n","protected":false},"author":1,"featured_media":0,"parent":0,"menu_order":0,"comment_status":"closed","ping_status":"closed","template":"elementor_header_footer","meta":{"site-sidebar-layout":"no-sidebar","site-content-layout":"","ast-site-content-layout":"full-width-container","site-content-style":"default","site-sidebar-style":"default","ast-global-header-display":"","ast-banner-title-visibility":"","ast-main-header-display":"","ast-hfb-above-header-display":"","ast-hfb-below-header-display":"","ast-hfb-mobile-header-display":"","site-post-title":"disabled","ast-breadcrumbs-content":"","ast-featured-img":"disabled","footer-sml-layout":"","theme-transparent-header-meta":"","adv-header-id-meta":"","stick-header-meta":"","header-above-stick-meta":"","header-main-stick-meta":"","header-below-stick-meta":"","astra-migrate-meta-layouts":"default","ast-page-background-enabled":"default","ast-page-background-meta":{"desktop":{"background-color":"var(--ast-global-color-5)","background-image":"","background-repeat":"repeat","background-position":"center center","background-size":"auto","background-attachment":"scroll","background-type":"","background-media":"","overlay-type":"","overlay-color":"","overlay-opacity":"","overlay-gradient":""},"tablet":{"background-color":"","background-image":"","background-repeat":"repeat","background-position":"center center","background-size":"auto","background-attachment":"scroll","background-type":"","background-media":"","overlay-type":"","overlay-color":"","overlay-opacity":"","overlay-gradient":""},"mobile":{"background-color":"","background-image":"","background-repeat":"repeat","background-position":"center center","background-size":"auto","background-attachment":"scroll","background-type":"","background-media":"","overlay-type":"","overlay-color":"","overlay-opacity":"","overlay-gradient":""}},"ast-content-background-meta":{"desktop":{"background-color":"var(--ast-global-color-4)","background-image":"","background-repeat":"repeat","background-position":"center center","background-size":"auto","background-attachment":"scroll","background-type":"","background-media":"","overlay-type":"","overlay-color":"","overlay-opacity":"","overlay-gradient":""},"tablet":{"background-color":"var(--ast-global-color-4)","background-image":"","background-repeat":"repeat","background-position":"center center","background-size":"auto","background-attachment":"scroll","background-type":"","background-media":"","overlay-type":"","overlay-color":"","overlay-opacity":"","overlay-gradient":""},"mobile":{"background-color":"var(--ast-global-color-4)","background-image":"","background-repeat":"repeat","background-position":"center center","background-size":"auto","background-attachment":"scroll","background-type":"","background-media":"","overlay-type":"","overlay-color":"","overlay-opacity":"","overlay-gradient":""}},"footnotes":""},"class_list":["post-369","page","type-page","status-publish","hentry"],"_links":{"self":[{"href":"https:\/\/server0001.de\/cafedroste\/wp-json\/wp\/v2\/pages\/369","targetHints":{"allow":["GET"]}}],"collection":[{"href":"https:\/\/server0001.de\/cafedroste\/wp-json\/wp\/v2\/pages"}],"about":[{"href":"https:\/\/server0001.de\/cafedroste\/wp-json\/wp\/v2\/types\/page"}],"author":[{"embeddable":true,"href":"https:\/\/server0001.de\/cafedroste\/wp-json\/wp\/v2\/users\/1"}],"replies":[{"embeddable":true,"href":"https:\/\/server0001.de\/cafedroste\/wp-json\/wp\/v2\/comments?post=369"}],"version-history":[{"count":7,"href":"https:\/\/server0001.de\/cafedroste\/wp-json\/wp\/v2\/pages\/369\/revisions"}],"predecessor-version":[{"id":378,"href":"https:\/\/server0001.de\/cafedroste\/wp-json\/wp\/v2\/pages\/369\/revisions\/378"}],"wp:attachment":[{"href":"https:\/\/server0001.de\/cafedroste\/wp-json\/wp\/v2\/media?parent=369"}],"curies":[{"name":"wp","href":"https:\/\/api.w.org\/{rel}","templated":true}]}}